{"id":1721,"date":"2023-06-02T09:29:19","date_gmt":"2023-06-02T12:29:19","guid":{"rendered":"https:\/\/revistatrezemagazine.com\/?page_id=1721"},"modified":"2025-08-18T10:37:37","modified_gmt":"2025-08-18T13:37:37","slug":"doacoes-da-torcida-trezeana","status":"publish","type":"page","link":"https:\/\/revistatrezemagazine.com\/index.php\/doacoes-da-torcida-trezeana\/","title":{"rendered":"Doa\u00e7\u00f5es da Torcida Trezeana"},"content":{"rendered":"\t\t<div data-elementor-type=\"wp-page\" data-elementor-id=\"1721\" class=\"elementor elementor-1721\" data-elementor-post-type=\"page\">\n\t\t\t\t\t\t\t<div class=\"elementor-element elementor-element-9fc5e8a e-con-boxed e-flex e-con\" data-id=\"9fc5e8a\" data-element_type=\"container\" data-settings=\"{&quot;content_width&quot;:&quot;boxed&quot;}\">\n\t\t\t\t\t<div class=\"e-con-inner\">\n\t\t<div class=\"elementor-element elementor-element-78291f4 e-con-full e-flex e-con\" data-id=\"78291f4\" data-element_type=\"container\" data-settings=\"{&quot;content_width&quot;:&quot;full&quot;}\">\n\t\t\t\t<div class=\"elementor-element elementor-element-5bd13f0 elementor-widget elementor-widget-text-editor\" data-id=\"5bd13f0\" data-element_type=\"widget\" data-widget_type=\"text-editor.default\">\n\t\t\t\t<div class=\"elementor-widget-container\">\n\t\t\t<style>\/*! elementor - v3.13.3 - 22-05-2023 *\/\n.elementor-widget-text-editor.elementor-drop-cap-view-stacked .elementor-drop-cap{background-color:#69727d;color:#fff}.elementor-widget-text-editor.elementor-drop-cap-view-framed .elementor-drop-cap{color:#69727d;border:3px solid;background-color:transparent}.elementor-widget-text-editor:not(.elementor-drop-cap-view-default) .elementor-drop-cap{margin-top:8px}.elementor-widget-text-editor:not(.elementor-drop-cap-view-default) .elementor-drop-cap-letter{width:1em;height:1em}.elementor-widget-text-editor .elementor-drop-cap{float:left;text-align:center;line-height:1;font-size:50px}.elementor-widget-text-editor .elementor-drop-cap-letter{display:inline-block}<\/style>\t\t\t\t<p>Caro torcedor apaixonado pelo Treze Futebol Clube,<\/p><p>Esperamos que esta mensagem o encontre com sa\u00fade e alegria. Como voc\u00ea sabe, o grupo Treze Magazine tem sido uma fonte essencial de conte\u00fado exclusivo e de qualidade para os f\u00e3s do nosso amado clube. Nosso objetivo \u00e9 manter viva a chama da paix\u00e3o alvinegra, compartilhando hist\u00f3rias, entrevistas, an\u00e1lises t\u00e1ticas e muito mais.<\/p><p>No entanto, para continuarmos com nosso trabalho e garantir que os torcedores estejam sempre bem informados e entretidos, precisamos da sua ajuda. Estamos buscando doa\u00e7\u00f5es para ampliar o projeto Treze Magazine. Se voc\u00ea j\u00e1 se beneficiou de nosso conte\u00fado ou simplesmente deseja ver a continuidade desse trabalho dedicado aos trezeanos, pedimos que considere fazer uma contribui\u00e7\u00e3o.<\/p><p>Com sua doa\u00e7\u00e3o, poderemos expandir nossas iniciativas para abranger ainda mais aspectos do clube que tanto amamos. Cada valor doado far\u00e1 a diferen\u00e7a.<\/p><p>Para doar, basta realizar um pix de forma segura e f\u00e1cil. Qualquer valor \u00e9 bem-vindo e ser\u00e1 totalmente investido no projeto.<\/p><p>Contamos com sua generosidade e dedica\u00e7\u00e3o para manter o Grupo Treze Magazine vivo e ativo.<\/p><p>Juntos, podemos fazer a diferen\u00e7a e fortalecer ainda mais nosso amado clube.<\/p><p>Agradecemos antecipadamente por seu apoio e esperamos poder continuar trazendo a voc\u00ea o melhor conte\u00fado sobre o Treze Futebol Clube.<\/p><p>Com todo o nosso respeito e gratid\u00e3o,<br \/>Grupo Treze Magazine.<\/p>\t\t\t\t\t\t<\/div>\n\t\t\t\t<\/div>\n\t\t\t\t<\/div>\n\t\t<div class=\"elementor-element elementor-element-0cdd31d e-con-full e-flex e-con\" data-id=\"0cdd31d\" data-element_type=\"container\" data-settings=\"{&quot;content_width&quot;:&quot;full&quot;}\">\n\t\t\t\t<div class=\"elementor-element elementor-element-0295c8b elementor-widget elementor-widget-heading\" data-id=\"0295c8b\" data-element_type=\"widget\" data-widget_type=\"heading.default\">\n\t\t\t\t<div class=\"elementor-widget-container\">\n\t\t\t<style>\/*! elementor - v3.13.3 - 22-05-2023 *\/\n.elementor-heading-title{padding:0;margin:0;line-height:1}.elementor-widget-heading .elementor-heading-title[class*=elementor-size-]>a{color:inherit;font-size:inherit;line-height:inherit}.elementor-widget-heading .elementor-heading-title.elementor-size-small{font-size:15px}.elementor-widget-heading .elementor-heading-title.elementor-size-medium{font-size:19px}.elementor-widget-heading .elementor-heading-title.elementor-size-large{font-size:29px}.elementor-widget-heading .elementor-heading-title.elementor-size-xl{font-size:39px}.elementor-widget-heading .elementor-heading-title.elementor-size-xxl{font-size:59px}<\/style><h2 class=\"elementor-heading-title elementor-size-default\">Fa\u00e7a um Doa\u00e7\u00e3o Pix<\/h2>\t\t<\/div>\n\t\t\t\t<\/div>\n\t\t\t\t<div class=\"elementor-element elementor-element-b57a272 elementor-widget elementor-widget-text-editor\" data-id=\"b57a272\" data-element_type=\"widget\" data-widget_type=\"text-editor.default\">\n\t\t\t\t<div class=\"elementor-widget-container\">\n\t\t\t\t\t\t\t<p>chave pix email: <strong>revistatrezemagazine@gmail.com<\/strong><\/p><p>chave pix cel:<strong> (83) 9.8845-7700<\/strong><\/p><p>Banco: <b>BANCO INTER\u00a0<\/b><\/p><p><b>GLEDSON LUAN SOUZA DA CRUZ<\/b><\/p>\t\t\t\t\t\t<\/div>\n\t\t\t\t<\/div>\n\t\t\t\t<div class=\"elementor-element elementor-element-5e2b9de elementor-widget elementor-widget-heading\" data-id=\"5e2b9de\" data-element_type=\"widget\" data-widget_type=\"heading.default\">\n\t\t\t\t<div class=\"elementor-widget-container\">\n\t\t\t<h2 class=\"elementor-heading-title elementor-size-default\">Se prefeir escanei o Qr Code para PIX:<\/h2>\t\t<\/div>\n\t\t\t\t<\/div>\n\t\t\t\t<div class=\"elementor-element elementor-element-367f4ab elementor-widget elementor-widget-image\" data-id=\"367f4ab\" data-element_type=\"widget\" data-widget_type=\"image.default\">\n\t\t\t\t<div class=\"elementor-widget-container\">\n\t\t\t<style>\/*! elementor - v3.13.3 - 22-05-2023 *\/\n.elementor-widget-image{text-align:center}.elementor-widget-image a{display:inline-block}.elementor-widget-image a img[src$=\".svg\"]{width:48px}.elementor-widget-image img{vertical-align:middle;display:inline-block}<\/style>\t\t\t\t\t\t\t\t\t\t\t\t<img decoding=\"async\" width=\"1046\" height=\"1600\" src=\"https:\/\/revistatrezemagazine.com\/wp-content\/uploads\/2025\/08\/Imagem-do-WhatsApp-de-2025-08-18-as-10.35.29_dbeae2f8.jpg\" class=\"attachment-full size-full wp-image-4405\" alt=\"\" loading=\"lazy\" srcset=\"https:\/\/revistatrezemagazine.com\/wp-content\/uploads\/2025\/08\/Imagem-do-WhatsApp-de-2025-08-18-as-10.35.29_dbeae2f8.jpg 1046w, https:\/\/revistatrezemagazine.com\/wp-content\/uploads\/2025\/08\/Imagem-do-WhatsApp-de-2025-08-18-as-10.35.29_dbeae2f8-1004x1536.jpg 1004w\" sizes=\"(max-width: 1046px) 100vw, 1046px\" \/>\t\t\t\t\t\t\t\t\t\t\t\t\t\t\t<\/div>\n\t\t\t\t<\/div>\n\t\t\t\t<\/div>\n\t\t\t\t\t<\/div>\n\t\t\t\t<\/div>\n\t\t\t\t\t\t\t<\/div>\n\t\t","protected":false},"excerpt":{"rendered":"<p>Caro torcedor apaixonado pelo Treze Futebol Clube, Esperamos que esta mensagem o encontre com sa\u00fade e alegria. Como voc\u00ea sabe, o grupo Treze Magazine tem sido uma fonte essencial de conte\u00fado exclusivo e de qualidade para os f\u00e3s do nosso amado clube. Nosso objetivo \u00e9 manter viva a chama da paix\u00e3o alvinegra, compartilhando hist\u00f3rias, entrevistas, an\u00e1lises t\u00e1ticas e muito mais. No entanto, para continuarmos com nosso trabalho e garantir que os torcedores estejam sempre bem informados e entretidos, precisamos da sua ajuda. Estamos buscando doa\u00e7\u00f5es para ampliar o projeto Treze Magazine. Se voc\u00ea j\u00e1 se beneficiou de nosso conte\u00fado ou\u2026<\/p>\n","protected":false},"author":1,"featured_media":1826,"parent":0,"menu_order":0,"comment_status":"closed","ping_status":"closed","template":"","meta":[],"blocksy_meta":"","aioseo_notices":[],"_links":{"self":[{"href":"https:\/\/revistatrezemagazine.com\/index.php\/wp-json\/wp\/v2\/pages\/1721"}],"collection":[{"href":"https:\/\/revistatrezemagazine.com\/index.php\/wp-json\/wp\/v2\/pages"}],"about":[{"href":"https:\/\/revistatrezemagazine.com\/index.php\/wp-json\/wp\/v2\/types\/page"}],"author":[{"embeddable":true,"href":"https:\/\/revistatrezemagazine.com\/index.php\/wp-json\/wp\/v2\/users\/1"}],"replies":[{"embeddable":true,"href":"https:\/\/revistatrezemagazine.com\/index.php\/wp-json\/wp\/v2\/comments?post=1721"}],"version-history":[{"count":17,"href":"https:\/\/revistatrezemagazine.com\/index.php\/wp-json\/wp\/v2\/pages\/1721\/revisions"}],"predecessor-version":[{"id":4411,"href":"https:\/\/revistatrezemagazine.com\/index.php\/wp-json\/wp\/v2\/pages\/1721\/revisions\/4411"}],"wp:featuredmedia":[{"embeddable":true,"href":"https:\/\/revistatrezemagazine.com\/index.php\/wp-json\/wp\/v2\/media\/1826"}],"wp:attachment":[{"href":"https:\/\/revistatrezemagazine.com\/index.php\/wp-json\/wp\/v2\/media?parent=1721"}],"curies":[{"name":"wp","href":"https:\/\/api.w.org\/{rel}","templated":true}]}}