{"id":961,"date":"2022-08-31T07:14:16","date_gmt":"2022-08-31T10:14:16","guid":{"rendered":"https:\/\/demo.creativethemes.com\/elementor\/charity\/?page_id=961"},"modified":"2025-09-05T15:39:28","modified_gmt":"2025-09-05T18:39:28","slug":"exemplares-publicados","status":"publish","type":"page","link":"https:\/\/revistatrezemagazine.com\/index.php\/exemplares-publicados\/","title":{"rendered":"Exemplares Publicados"},"content":{"rendered":"\t\t<div data-elementor-type=\"wp-page\" data-elementor-id=\"961\" class=\"elementor elementor-961\" data-elementor-post-type=\"page\">\n\t\t\t\t\t\t\t<div class=\"elementor-element elementor-element-d59b0cb e-con-boxed e-flex e-con\" data-id=\"d59b0cb\" data-element_type=\"container\" data-settings=\"{&quot;content_width&quot;:&quot;boxed&quot;}\">\n\t\t\t\t\t<div class=\"e-con-inner\">\n\t\t<div class=\"elementor-element elementor-element-e55f7a6 e-con-full e-flex e-con\" data-id=\"e55f7a6\" data-element_type=\"container\" data-settings=\"{&quot;content_width&quot;:&quot;full&quot;}\">\n\t\t\t\t<div class=\"elementor-element elementor-element-32dfca5 elementor-widget elementor-widget-heading\" data-id=\"32dfca5\" data-element_type=\"widget\" data-widget_type=\"heading.default\">\n\t\t\t\t<div class=\"elementor-widget-container\">\n\t\t\t<style>\/*! elementor - v3.13.3 - 22-05-2023 *\/\n.elementor-heading-title{padding:0;margin:0;line-height:1}.elementor-widget-heading .elementor-heading-title[class*=elementor-size-]>a{color:inherit;font-size:inherit;line-height:inherit}.elementor-widget-heading .elementor-heading-title.elementor-size-small{font-size:15px}.elementor-widget-heading .elementor-heading-title.elementor-size-medium{font-size:19px}.elementor-widget-heading .elementor-heading-title.elementor-size-large{font-size:29px}.elementor-widget-heading .elementor-heading-title.elementor-size-xl{font-size:39px}.elementor-widget-heading .elementor-heading-title.elementor-size-xxl{font-size:59px}<\/style><h2 class=\"elementor-heading-title elementor-size-default\"><a href=\"https:\/\/pay.hotmart.com\/A81969358C?checkoutMode=10&#038;bid=1685616770702\" target=\"_blank\">REVISTA - EDI\u00c7\u00c3O COMEMORATIVA: TREZE CAMPE\u00c3O PARAIBANO DE 2023<\/a><\/h2>\t\t<\/div>\n\t\t\t\t<\/div>\n\t\t\t\t<div class=\"elementor-element elementor-element-a7dec03 elementor-widget elementor-widget-text-editor\" data-id=\"a7dec03\" data-element_type=\"widget\" data-widget_type=\"text-editor.default\">\n\t\t\t\t<div class=\"elementor-widget-container\">\n\t\t\t<style>\/*! elementor - v3.13.3 - 22-05-2023 *\/\n.elementor-widget-text-editor.elementor-drop-cap-view-stacked .elementor-drop-cap{background-color:#69727d;color:#fff}.elementor-widget-text-editor.elementor-drop-cap-view-framed .elementor-drop-cap{color:#69727d;border:3px solid;background-color:transparent}.elementor-widget-text-editor:not(.elementor-drop-cap-view-default) .elementor-drop-cap{margin-top:8px}.elementor-widget-text-editor:not(.elementor-drop-cap-view-default) .elementor-drop-cap-letter{width:1em;height:1em}.elementor-widget-text-editor .elementor-drop-cap{float:left;text-align:center;line-height:1;font-size:50px}.elementor-widget-text-editor .elementor-drop-cap-letter{display:inline-block}<\/style>\t\t\t\t<p>A ESTREIA N\u00c3O PODERIA SER MELHOR! Nosso primeiro exemplar trata do t\u00edtulo de campe\u00e3o paraibano do Galo da Borborema no ano de 2023. Ressalta tamb\u00e9m, o in\u00edcio de um processo de reestrutura\u00e7\u00e3o do clube \u00e0s portas do seu centen\u00e1rio em 2025.<\/p>\t\t\t\t\t\t<\/div>\n\t\t\t\t<\/div>\n\t\t\t\t<div class=\"elementor-element elementor-element-113c554 elementor-align-right elementor-widget elementor-widget-button\" data-id=\"113c554\" data-element_type=\"widget\" data-widget_type=\"button.default\">\n\t\t\t\t<div class=\"elementor-widget-container\">\n\t\t\t\t\t<div class=\"elementor-button-wrapper\">\n\t\t\t<a href=\"https:\/\/pay.hotmart.com\/A81969358C?checkoutMode=10&#038;bid=1685616770702\" target=\"_blank\" class=\"elementor-button-link elementor-button elementor-size-xs\" role=\"button\">\n\t\t\t\t\t\t<span class=\"elementor-button-content-wrapper\">\n\t\t\t\t\t\t<span class=\"elementor-button-text\">Adquirir Revista<\/span>\n\t\t<\/span>\n\t\t\t\t\t<\/a>\n\t\t<\/div>\n\t\t\t\t<\/div>\n\t\t\t\t<\/div>\n\t\t\t\t<\/div>\n\t\t<div class=\"elementor-element elementor-element-6093a4e e-con-full e-flex e-con\" data-id=\"6093a4e\" data-element_type=\"container\" data-settings=\"{&quot;content_width&quot;:&quot;full&quot;,&quot;background_background&quot;:&quot;classic&quot;}\">\n\t\t\t\t<\/div>\n\t\t\t\t\t<\/div>\n\t\t\t\t<\/div>\n\t\t<div class=\"elementor-element elementor-element-9d91c76 e-con-boxed e-flex e-con\" data-id=\"9d91c76\" data-element_type=\"container\" data-settings=\"{&quot;content_width&quot;:&quot;boxed&quot;}\">\n\t\t\t\t\t<div class=\"e-con-inner\">\n\t\t<div class=\"elementor-element elementor-element-9b5106f e-con-full e-flex e-con\" data-id=\"9b5106f\" data-element_type=\"container\" data-settings=\"{&quot;content_width&quot;:&quot;full&quot;}\">\n\t\t\t\t<div class=\"elementor-element elementor-element-61db401 elementor-widget elementor-widget-image\" data-id=\"61db401\" data-element_type=\"widget\" data-widget_type=\"image.default\">\n\t\t\t\t<div class=\"elementor-widget-container\">\n\t\t\t<style>\/*! elementor - v3.13.3 - 22-05-2023 *\/\n.elementor-widget-image{text-align:center}.elementor-widget-image a{display:inline-block}.elementor-widget-image a img[src$=\".svg\"]{width:48px}.elementor-widget-image img{vertical-align:middle;display:inline-block}<\/style>\t\t\t\t\t\t\t\t\t\t\t\t<img decoding=\"async\" width=\"600\" height=\"600\" src=\"https:\/\/revistatrezemagazine.com\/wp-content\/uploads\/2025\/09\/Design-sem-nome-43.png\" class=\"attachment-large size-large wp-image-4433\" alt=\"\" loading=\"lazy\" srcset=\"https:\/\/revistatrezemagazine.com\/wp-content\/uploads\/2025\/09\/Design-sem-nome-43.png 600w, https:\/\/revistatrezemagazine.com\/wp-content\/uploads\/2025\/09\/Design-sem-nome-43-300x300.png 300w, https:\/\/revistatrezemagazine.com\/wp-content\/uploads\/2025\/09\/Design-sem-nome-43-150x150.png 150w\" sizes=\"(max-width: 600px) 100vw, 600px\" \/>\t\t\t\t\t\t\t\t\t\t\t\t\t\t\t<\/div>\n\t\t\t\t<\/div>\n\t\t\t\t<\/div>\n\t\t<div class=\"elementor-element elementor-element-692252d e-con-full e-flex e-con\" data-id=\"692252d\" data-element_type=\"container\" data-settings=\"{&quot;content_width&quot;:&quot;full&quot;}\">\n\t\t\t\t<div class=\"elementor-element elementor-element-42fa28a elementor-widget elementor-widget-heading\" data-id=\"42fa28a\" data-element_type=\"widget\" data-widget_type=\"heading.default\">\n\t\t\t\t<div class=\"elementor-widget-container\">\n\t\t\t<h2 class=\"elementor-heading-title elementor-size-default\">100 ANOS DO TREZE!<br>Edi\u00e7\u00e3o Comemorativa -<br>Revista Treze Magazine<\/h2>\t\t<\/div>\n\t\t\t\t<\/div>\n\t\t\t\t<div class=\"elementor-element elementor-element-116d95e elementor-widget elementor-widget-heading\" data-id=\"116d95e\" data-element_type=\"widget\" data-widget_type=\"heading.default\">\n\t\t\t\t<div class=\"elementor-widget-container\">\n\t\t\t<span class=\"elementor-heading-title elementor-size-default\">A 2\u00aa edi\u00e7\u00e3o da Revista Treze Magazine, traz o marco hist\u00f3rico do anivers\u00e1rio de 100 anos do Treze Futebol Clube e neste exemplar, o torcedor vai encontrar muitas informa\u00e7\u00f5es, curiosidades e bastidores da rica hist\u00f3ria do primeiro galo do Brasil,<br>o Galo da Borborema.<\/span>\t\t<\/div>\n\t\t\t\t<\/div>\n\t\t\t\t<div class=\"elementor-element elementor-element-7cd0664 elementor-align-right elementor-widget elementor-widget-button\" data-id=\"7cd0664\" data-element_type=\"widget\" data-widget_type=\"button.default\">\n\t\t\t\t<div class=\"elementor-widget-container\">\n\t\t\t\t\t<div class=\"elementor-button-wrapper\">\n\t\t\t<a href=\"https:\/\/go.hotmart.com\/K101757965R\" target=\"_blank\" class=\"elementor-button-link elementor-button elementor-size-xs\" role=\"button\">\n\t\t\t\t\t\t<span class=\"elementor-button-content-wrapper\">\n\t\t\t\t\t\t<span class=\"elementor-button-text\">Adquirir Revista<\/span>\n\t\t<\/span>\n\t\t\t\t\t<\/a>\n\t\t<\/div>\n\t\t\t\t<\/div>\n\t\t\t\t<\/div>\n\t\t\t\t<\/div>\n\t\t\t\t\t<\/div>\n\t\t\t\t<\/div>\n\t\t<div class=\"elementor-element elementor-element-495baa5 e-con-boxed e-flex e-con\" data-id=\"495baa5\" data-element_type=\"container\" data-settings=\"{&quot;content_width&quot;:&quot;boxed&quot;}\">\n\t\t\t\t\t<div class=\"e-con-inner\">\n\t\t<div class=\"elementor-element elementor-element-e4191ff e-con-full e-flex e-con\" data-id=\"e4191ff\" data-element_type=\"container\" data-settings=\"{&quot;content_width&quot;:&quot;full&quot;}\">\n\t\t\t\t<div class=\"elementor-element elementor-element-70b573a elementor-widget elementor-widget-heading\" data-id=\"70b573a\" data-element_type=\"widget\" data-widget_type=\"heading.default\">\n\t\t\t\t<div class=\"elementor-widget-container\">\n\t\t\t<h2 class=\"elementor-heading-title elementor-size-default\"><a href=\"https:\/\/revistatrezemagazine.com\/index.php\/livro-infantil-98-anos-treze-fc\/\">Livro Infantil - Festa de 98 anos do Treze Fc<\/a><\/h2>\t\t<\/div>\n\t\t\t\t<\/div>\n\t\t\t\t<div class=\"elementor-element elementor-element-19b9f9a elementor-widget elementor-widget-text-editor\" data-id=\"19b9f9a\" data-element_type=\"widget\" data-widget_type=\"text-editor.default\">\n\t\t\t\t<div class=\"elementor-widget-container\">\n\t\t\t\t\t\t\t<p>No anivers\u00e1rio de 98 anos do Treze Futebol Clube, Conhe\u00e7a o Galinho Pena Branca, f\u00e3 n\u00famero 1 do Galo da Borborema, numa leitura prazerosa e divertida dedicada a toda torcida trezeana.<\/p>\t\t\t\t\t\t<\/div>\n\t\t\t\t<\/div>\n\t\t\t\t<\/div>\n\t\t<div class=\"elementor-element elementor-element-1889056 e-con-full e-flex e-con\" data-id=\"1889056\" data-element_type=\"container\" data-settings=\"{&quot;content_width&quot;:&quot;full&quot;}\">\n\t\t\t\t<div class=\"elementor-element elementor-element-247f9b9 elementor-widget elementor-widget-image\" data-id=\"247f9b9\" data-element_type=\"widget\" data-widget_type=\"image.default\">\n\t\t\t\t<div class=\"elementor-widget-container\">\n\t\t\t\t\t\t\t\t\t\t\t\t\t\t\t\t<a href=\"https:\/\/revistatrezemagazine.com\/index.php\/livro-infantil-98-anos-treze-fc\/\">\n\t\t\t\t\t\t\t<img decoding=\"async\" width=\"768\" height=\"768\" src=\"https:\/\/revistatrezemagazine.com\/wp-content\/uploads\/2023\/09\/1-768x768.png\" class=\"attachment-medium_large size-medium_large wp-image-2265\" alt=\"\" loading=\"lazy\" srcset=\"https:\/\/revistatrezemagazine.com\/wp-content\/uploads\/2023\/09\/1-768x768.png 768w, https:\/\/revistatrezemagazine.com\/wp-content\/uploads\/2023\/09\/1-300x300.png 300w, https:\/\/revistatrezemagazine.com\/wp-content\/uploads\/2023\/09\/1-1024x1024.png 1024w, https:\/\/revistatrezemagazine.com\/wp-content\/uploads\/2023\/09\/1-150x150.png 150w\" sizes=\"(max-width: 768px) 100vw, 768px\" \/>\t\t\t\t\t\t\t\t<\/a>\n\t\t\t\t\t\t\t\t\t\t\t\t\t\t\t<\/div>\n\t\t\t\t<\/div>\n\t\t\t\t<\/div>\n\t\t\t\t\t<\/div>\n\t\t\t\t<\/div>\n\t\t<div class=\"elementor-element elementor-element-3b693f8 e-con-boxed e-flex e-con\" data-id=\"3b693f8\" data-element_type=\"container\" data-settings=\"{&quot;background_background&quot;:&quot;classic&quot;,&quot;content_width&quot;:&quot;boxed&quot;}\">\n\t\t\t\t\t<div class=\"e-con-inner\">\n\t\t<div class=\"elementor-element elementor-element-0aec9ab e-con-full e-flex e-con\" data-id=\"0aec9ab\" data-element_type=\"container\" data-settings=\"{&quot;content_width&quot;:&quot;full&quot;}\">\n\t\t\t\t<div class=\"elementor-element elementor-element-14470bf elementor-widget elementor-widget-text-editor\" data-id=\"14470bf\" data-element_type=\"widget\" data-widget_type=\"text-editor.default\">\n\t\t\t\t<div class=\"elementor-widget-container\">\n\t\t\t\t\t\t\t<p><strong>Seja um Volunt\u00e1rio<\/strong><\/p>\t\t\t\t\t\t<\/div>\n\t\t\t\t<\/div>\n\t\t\t\t<div class=\"elementor-element elementor-element-e9eb73a elementor-widget-divider--view-line elementor-widget elementor-widget-divider\" data-id=\"e9eb73a\" data-element_type=\"widget\" data-widget_type=\"divider.default\">\n\t\t\t\t<div class=\"elementor-widget-container\">\n\t\t\t<style>\/*! elementor - v3.13.3 - 22-05-2023 *\/\n.elementor-widget-divider{--divider-border-style:none;--divider-border-width:1px;--divider-color:#0c0d0e;--divider-icon-size:20px;--divider-element-spacing:10px;--divider-pattern-height:24px;--divider-pattern-size:20px;--divider-pattern-url:none;--divider-pattern-repeat:repeat-x}.elementor-widget-divider .elementor-divider{display:flex}.elementor-widget-divider .elementor-divider__text{font-size:15px;line-height:1;max-width:95%}.elementor-widget-divider .elementor-divider__element{margin:0 var(--divider-element-spacing);flex-shrink:0}.elementor-widget-divider .elementor-icon{font-size:var(--divider-icon-size)}.elementor-widget-divider .elementor-divider-separator{display:flex;margin:0;direction:ltr}.elementor-widget-divider--view-line_icon .elementor-divider-separator,.elementor-widget-divider--view-line_text .elementor-divider-separator{align-items:center}.elementor-widget-divider--view-line_icon .elementor-divider-separator:after,.elementor-widget-divider--view-line_icon .elementor-divider-separator:before,.elementor-widget-divider--view-line_text .elementor-divider-separator:after,.elementor-widget-divider--view-line_text .elementor-divider-separator:before{display:block;content:\"\";border-bottom:0;flex-grow:1;border-top:var(--divider-border-width) var(--divider-border-style) var(--divider-color)}.elementor-widget-divider--element-align-left .elementor-divider .elementor-divider-separator>.elementor-divider__svg:first-of-type{flex-grow:0;flex-shrink:100}.elementor-widget-divider--element-align-left .elementor-divider-separator:before{content:none}.elementor-widget-divider--element-align-left .elementor-divider__element{margin-left:0}.elementor-widget-divider--element-align-right .elementor-divider .elementor-divider-separator>.elementor-divider__svg:last-of-type{flex-grow:0;flex-shrink:100}.elementor-widget-divider--element-align-right .elementor-divider-separator:after{content:none}.elementor-widget-divider--element-align-right .elementor-divider__element{margin-right:0}.elementor-widget-divider:not(.elementor-widget-divider--view-line_text):not(.elementor-widget-divider--view-line_icon) .elementor-divider-separator{border-top:var(--divider-border-width) var(--divider-border-style) var(--divider-color)}.elementor-widget-divider--separator-type-pattern{--divider-border-style:none}.elementor-widget-divider--separator-type-pattern.elementor-widget-divider--view-line .elementor-divider-separator,.elementor-widget-divider--separator-type-pattern:not(.elementor-widget-divider--view-line) .elementor-divider-separator:after,.elementor-widget-divider--separator-type-pattern:not(.elementor-widget-divider--view-line) .elementor-divider-separator:before,.elementor-widget-divider--separator-type-pattern:not([class*=elementor-widget-divider--view]) .elementor-divider-separator{width:100%;min-height:var(--divider-pattern-height);-webkit-mask-size:var(--divider-pattern-size) 100%;mask-size:var(--divider-pattern-size) 100%;-webkit-mask-repeat:var(--divider-pattern-repeat);mask-repeat:var(--divider-pattern-repeat);background-color:var(--divider-color);-webkit-mask-image:var(--divider-pattern-url);mask-image:var(--divider-pattern-url)}.elementor-widget-divider--no-spacing{--divider-pattern-size:auto}.elementor-widget-divider--bg-round{--divider-pattern-repeat:round}.rtl .elementor-widget-divider .elementor-divider__text{direction:rtl}.e-con-inner>.elementor-widget-divider,.e-con>.elementor-widget-divider{width:var(--container-widget-width,100%);--flex-grow:var(--container-widget-flex-grow)}<\/style>\t\t<div class=\"elementor-divider\">\n\t\t\t<span class=\"elementor-divider-separator\">\n\t\t\t\t\t\t<\/span>\n\t\t<\/div>\n\t\t\t\t<\/div>\n\t\t\t\t<\/div>\n\t\t\t\t<div class=\"elementor-element elementor-element-cd30820 elementor-widget elementor-widget-heading\" data-id=\"cd30820\" data-element_type=\"widget\" data-widget_type=\"heading.default\">\n\t\t\t\t<div class=\"elementor-widget-container\">\n\t\t\t<h2 class=\"elementor-heading-title elementor-size-default\">Junte-se a n\u00f3s para um Treze melhor e ainda maior no futuro<\/h2>\t\t<\/div>\n\t\t\t\t<\/div>\n\t\t\t\t<div class=\"elementor-element elementor-element-f737edd elementor-widget elementor-widget-text-editor\" data-id=\"f737edd\" data-element_type=\"widget\" data-widget_type=\"text-editor.default\">\n\t\t\t\t<div class=\"elementor-widget-container\">\n\t\t\t\t\t\t\t<p>Dedicando um pouco de tempo, de acordo com as suas capacidades, \u00e9 poss\u00edvel somar for\u00e7as para o nosso crescimento.\u00a0<\/p>\t\t\t\t\t\t<\/div>\n\t\t\t\t<\/div>\n\t\t\t\t<div class=\"elementor-element elementor-element-2526496 elementor-mobile-align-center elementor-widget elementor-widget-button\" data-id=\"2526496\" data-element_type=\"widget\" data-widget_type=\"button.default\">\n\t\t\t\t<div class=\"elementor-widget-container\">\n\t\t\t\t\t<div class=\"elementor-button-wrapper\">\n\t\t\t<a href=\"https:\/\/revistatrezemagazine.com\/index.php\/seja-parceiro\/\" class=\"elementor-button-link elementor-button elementor-size-md elementor-animation-grow\" role=\"button\">\n\t\t\t\t\t\t<span class=\"elementor-button-content-wrapper\">\n\t\t\t\t\t\t<span class=\"elementor-button-text\">Saiba Mais<\/span>\n\t\t<\/span>\n\t\t\t\t\t<\/a>\n\t\t<\/div>\n\t\t\t\t<\/div>\n\t\t\t\t<\/div>\n\t\t\t\t<\/div>\n\t\t\t\t\t<\/div>\n\t\t\t\t<\/div>\n\t\t<div class=\"elementor-element elementor-element-bcd6cf0 e-con-boxed e-flex e-con\" data-id=\"bcd6cf0\" data-element_type=\"container\" data-settings=\"{&quot;content_width&quot;:&quot;boxed&quot;}\">\n\t\t\t\t\t<div class=\"e-con-inner\">\n\t\t\t\t<div class=\"elementor-element elementor-element-d85e081 elementor-align-right elementor-widget elementor-widget-button\" data-id=\"d85e081\" data-element_type=\"widget\" data-widget_type=\"button.default\">\n\t\t\t\t<div class=\"elementor-widget-container\">\n\t\t\t\t\t<div class=\"elementor-button-wrapper\">\n\t\t\t<a href=\"https:\/\/pay.hotmart.com\/A81969358C?checkoutMode=10&#038;bid=1685616770702\" target=\"_blank\" class=\"elementor-button-link elementor-button elementor-size-xs\" role=\"button\">\n\t\t\t\t\t\t<span class=\"elementor-button-content-wrapper\">\n\t\t\t\t\t\t<span class=\"elementor-button-text\">Adquirir Revista<\/span>\n\t\t<\/span>\n\t\t\t\t\t<\/a>\n\t\t<\/div>\n\t\t\t\t<\/div>\n\t\t\t\t<\/div>\n\t\t\t\t<div class=\"elementor-element elementor-element-245fc9a elementor-align-right elementor-widget elementor-widget-button\" data-id=\"245fc9a\" data-element_type=\"widget\" data-widget_type=\"button.default\">\n\t\t\t\t<div class=\"elementor-widget-container\">\n\t\t\t\t\t<div class=\"elementor-button-wrapper\">\n\t\t\t<a href=\"https:\/\/pay.hotmart.com\/A81969358C?checkoutMode=10&#038;bid=1685616770702\" target=\"_blank\" class=\"elementor-button-link elementor-button elementor-size-xs\" role=\"button\">\n\t\t\t\t\t\t<span class=\"elementor-button-content-wrapper\">\n\t\t\t\t\t\t<span class=\"elementor-button-text\">Adquirir Revista<\/span>\n\t\t<\/span>\n\t\t\t\t\t<\/a>\n\t\t<\/div>\n\t\t\t\t<\/div>\n\t\t\t\t<\/div>\n\t\t\t\t\t<\/div>\n\t\t\t\t<\/div>\n\t\t\t\t\t\t\t<\/div>\n\t\t","protected":false},"excerpt":{"rendered":"<p>REVISTA &#8211; EDI\u00c7\u00c3O COMEMORATIVA: TREZE CAMPE\u00c3O PARAIBANO DE 2023 A ESTREIA N\u00c3O PODERIA SER MELHOR! Nosso primeiro exemplar trata do t\u00edtulo de campe\u00e3o paraibano do Galo da Borborema no ano de 2023. Ressalta tamb\u00e9m, o in\u00edcio de um processo de reestrutura\u00e7\u00e3o do clube \u00e0s portas do seu centen\u00e1rio em 2025. Adquirir Revista 100 ANOS DO TREZE!Edi\u00e7\u00e3o Comemorativa &#8211;Revista Treze Magazine A 2\u00aa edi\u00e7\u00e3o da Revista Treze Magazine, traz o marco hist\u00f3rico do anivers\u00e1rio de 100 anos do Treze Futebol Clube e neste exemplar, o torcedor vai encontrar muitas informa\u00e7\u00f5es, curiosidades e bastidores da rica hist\u00f3ria do primeiro galo do Brasil,o\u2026<\/p>\n","protected":false},"author":1,"featured_media":1816,"parent":0,"menu_order":0,"comment_status":"closed","ping_status":"closed","template":"","meta":[],"blocksy_meta":{"styles_descriptor":{"styles":{"desktop":"","tablet":"","mobile":""},"google_fonts":[],"version":5}},"aioseo_notices":[],"_links":{"self":[{"href":"https:\/\/revistatrezemagazine.com\/index.php\/wp-json\/wp\/v2\/pages\/961"}],"collection":[{"href":"https:\/\/revistatrezemagazine.com\/index.php\/wp-json\/wp\/v2\/pages"}],"about":[{"href":"https:\/\/revistatrezemagazine.com\/index.php\/wp-json\/wp\/v2\/types\/page"}],"author":[{"embeddable":true,"href":"https:\/\/revistatrezemagazine.com\/index.php\/wp-json\/wp\/v2\/users\/1"}],"replies":[{"embeddable":true,"href":"https:\/\/revistatrezemagazine.com\/index.php\/wp-json\/wp\/v2\/comments?post=961"}],"version-history":[{"count":69,"href":"https:\/\/revistatrezemagazine.com\/index.php\/wp-json\/wp\/v2\/pages\/961\/revisions"}],"predecessor-version":[{"id":4439,"href":"https:\/\/revistatrezemagazine.com\/index.php\/wp-json\/wp\/v2\/pages\/961\/revisions\/4439"}],"wp:featuredmedia":[{"embeddable":true,"href":"https:\/\/revistatrezemagazine.com\/index.php\/wp-json\/wp\/v2\/media\/1816"}],"wp:attachment":[{"href":"https:\/\/revistatrezemagazine.com\/index.php\/wp-json\/wp\/v2\/media?parent=961"}],"curies":[{"name":"wp","href":"https:\/\/api.w.org\/{rel}","templated":true}]}}